{"id":2,"date":"2026-01-18T18:14:20","date_gmt":"2026-01-18T18:14:20","guid":{"rendered":"http:\/\/balkanstrategicpartners.com\/?page_id=2"},"modified":"2026-01-18T22:54:54","modified_gmt":"2026-01-18T19:54:54","slug":"ana-sayfa","status":"publish","type":"page","link":"https:\/\/balkanstrategicpartners.com\/","title":{"rendered":"Gelece\u011fi Balkanlar\u2019da \u0130n\u015fa Edin"},"content":{"rendered":"\n<p><strong>Balkan Strategic Partners (BSP)<\/strong>, T\u00fcrkiye\u2019nin \u00fcretim g\u00fcc\u00fcn\u00fc Avrupa\u2019n\u0131n kap\u0131s\u0131 Kosova ile birle\u015ftiren prestijli bir stratejik dan\u0131\u015fmanl\u0131k firmas\u0131d\u0131r. Vergide %10 avantaj, kurda Euro g\u00fcvencesi, ihracatta g\u00fcmr\u00fcks\u00fcz eri\u015fim. Balkan Strategic Partners ile yat\u0131r\u0131m\u0131n\u0131z\u0131 Avrupa Birli\u011fi standartlar\u0131nda, b\u00fcrokratik ve mali risklerden ar\u0131nd\u0131r\u0131lm\u0131\u015f bir yap\u0131da b\u00fcy\u00fct\u00fcn.<\/p>\n\n\n\n<p><strong>Neden Biz?<\/strong> Biz sadece dan\u0131\u015fmanl\u0131k yapm\u0131yor, bizzat sahada operasyon y\u00f6netiyoruz. \u015eirket kurulumundan &#8220;Golden Ticket&#8221; stat\u00fcs\u00fcne, fabrika yerle\u015fiminden sosyal entegrasyona kadar her ad\u0131mda stratejik orta\u011f\u0131n\u0131z\u0131z. <br><br>&#8220;Siz vizyonunuzu belirleyin; ke\u015fif turundan \u015firket anahtar\u0131n\u0131za kadar t\u00fcm operasyonu biz y\u00f6netelim.&#8221;<\/p>\n\n\n\n<p><\/p>\n","protected":false},"excerpt":{"rendered":"<p>Balkan Strategic Partners (BSP), T\u00fcrkiye\u2019nin \u00fcretim g\u00fcc\u00fcn\u00fc Avrupa\u2019n\u0131n kap\u0131s\u0131 Kosova ile birle\u015ftiren prestijli bir stratejik dan\u0131\u015fmanl\u0131k firmas\u0131d\u0131r. Vergide %10 avantaj, kurda Euro g\u00fcvencesi, ihracatta g\u00fcmr\u00fcks\u00fcz eri\u015fim. Balkan Strategic Partners ile yat\u0131r\u0131m\u0131n\u0131z\u0131 Avrupa Birli\u011fi standartlar\u0131nda, b\u00fcrokratik ve mali risklerden ar\u0131nd\u0131r\u0131lm\u0131\u015f bir yap\u0131da b\u00fcy\u00fct\u00fcn. Neden Biz? Biz sadece dan\u0131\u015fmanl\u0131k yapm\u0131yor, bizzat sahada operasyon y\u00f6netiyoruz. \u015eirket kurulumundan &#8220;Golden [&hellip;]<\/p>\n","protected":false},"author":1,"featured_media":0,"parent":0,"menu_order":0,"comment_status":"closed","ping_status":"closed","template":"","meta":{"footnotes":""},"class_list":["post-2","page","type-page","status-publish","hentry"],"_links":{"self":[{"href":"https:\/\/balkanstrategicpartners.com\/index.php\/wp-json\/wp\/v2\/pages\/2","targetHints":{"allow":["GET"]}}],"collection":[{"href":"https:\/\/balkanstrategicpartners.com\/index.php\/wp-json\/wp\/v2\/pages"}],"about":[{"href":"https:\/\/balkanstrategicpartners.com\/index.php\/wp-json\/wp\/v2\/types\/page"}],"author":[{"embeddable":true,"href":"https:\/\/balkanstrategicpartners.com\/index.php\/wp-json\/wp\/v2\/users\/1"}],"replies":[{"embeddable":true,"href":"https:\/\/balkanstrategicpartners.com\/index.php\/wp-json\/wp\/v2\/comments?post=2"}],"version-history":[{"count":3,"href":"https:\/\/balkanstrategicpartners.com\/index.php\/wp-json\/wp\/v2\/pages\/2\/revisions"}],"predecessor-version":[{"id":44,"href":"https:\/\/balkanstrategicpartners.com\/index.php\/wp-json\/wp\/v2\/pages\/2\/revisions\/44"}],"wp:attachment":[{"href":"https:\/\/balkanstrategicpartners.com\/index.php\/wp-json\/wp\/v2\/media?parent=2"}],"curies":[{"name":"wp","href":"https:\/\/api.w.org\/{rel}","templated":true}]}}