{"id":25,"date":"2026-01-18T22:06:02","date_gmt":"2026-01-18T19:06:02","guid":{"rendered":"http:\/\/balkanstrategicpartners.com\/?page_id=25"},"modified":"2026-01-18T22:19:16","modified_gmt":"2026-01-18T19:19:16","slug":"iletisim-2","status":"publish","type":"page","link":"https:\/\/balkanstrategicpartners.com\/index.php\/iletisim-2\/","title":{"rendered":"\u0130leti\u015fim"},"content":{"rendered":"\n<p><strong>Stratejik Yat\u0131r\u0131m Yolculu\u011funuzu Birlikte Planlayal\u0131m<\/strong><\/p>\n\n\n\n<p>Avrupa\u2019n\u0131n yeni \u00fcretim \u00fcss\u00fc Kosova\u2019da yerinizi almak, mali avantajlardan faydalanmak ve &#8220;Golden Ticket&#8221; stat\u00fcs\u00fcyle i\u015finizi b\u00fcy\u00fctmek i\u00e7in uzman ekibimizle ileti\u015fime ge\u00e7in. Operasyonel s\u00fcre\u00e7lerinizden yerle\u015fim dan\u0131\u015fmanl\u0131\u011f\u0131na kadar her ad\u0131mda stratejik orta\u011f\u0131n\u0131z olarak yan\u0131n\u0131zday\u0131z.<\/p>\n\n\n\n<p><strong>Ke\u015fif turunuzu veya ilk g\u00f6r\u00fc\u015fmenizi planlamak i\u00e7in bize ula\u015f\u0131n:<\/strong><\/p>\n\n\n\n<ul class=\"wp-block-list\">\n<li><strong>E-Posta:<\/strong> <a href=\"mailto:bsp@balkanstrategicpartners.com\">bsp@balkanstrategicpartners.com<\/a><\/li>\n\n\n\n<li><strong>Web:<\/strong> <a href=\"https:\/\/www.google.com\/search?q=http:\/\/www.balkanstrategicpartners.com\">www.balkanstrategicpartners.com<\/a><\/li>\n<\/ul>\n\n\n\n<p><\/p>\n","protected":false},"excerpt":{"rendered":"<p>Stratejik Yat\u0131r\u0131m Yolculu\u011funuzu Birlikte Planlayal\u0131m Avrupa\u2019n\u0131n yeni \u00fcretim \u00fcss\u00fc Kosova\u2019da yerinizi almak, mali avantajlardan faydalanmak ve &#8220;Golden Ticket&#8221; stat\u00fcs\u00fcyle i\u015finizi b\u00fcy\u00fctmek i\u00e7in uzman ekibimizle ileti\u015fime ge\u00e7in. Operasyonel s\u00fcre\u00e7lerinizden yerle\u015fim dan\u0131\u015fmanl\u0131\u011f\u0131na kadar her ad\u0131mda stratejik orta\u011f\u0131n\u0131z olarak yan\u0131n\u0131zday\u0131z. Ke\u015fif turunuzu veya ilk g\u00f6r\u00fc\u015fmenizi planlamak i\u00e7in bize ula\u015f\u0131n:<\/p>\n","protected":false},"author":1,"featured_media":0,"parent":0,"menu_order":0,"comment_status":"closed","ping_status":"closed","template":"","meta":{"footnotes":""},"class_list":["post-25","page","type-page","status-publish","hentry"],"_links":{"self":[{"href":"https:\/\/balkanstrategicpartners.com\/index.php\/wp-json\/wp\/v2\/pages\/25","targetHints":{"allow":["GET"]}}],"collection":[{"href":"https:\/\/balkanstrategicpartners.com\/index.php\/wp-json\/wp\/v2\/pages"}],"about":[{"href":"https:\/\/balkanstrategicpartners.com\/index.php\/wp-json\/wp\/v2\/types\/page"}],"author":[{"embeddable":true,"href":"https:\/\/balkanstrategicpartners.com\/index.php\/wp-json\/wp\/v2\/users\/1"}],"replies":[{"embeddable":true,"href":"https:\/\/balkanstrategicpartners.com\/index.php\/wp-json\/wp\/v2\/comments?post=25"}],"version-history":[{"count":1,"href":"https:\/\/balkanstrategicpartners.com\/index.php\/wp-json\/wp\/v2\/pages\/25\/revisions"}],"predecessor-version":[{"id":26,"href":"https:\/\/balkanstrategicpartners.com\/index.php\/wp-json\/wp\/v2\/pages\/25\/revisions\/26"}],"wp:attachment":[{"href":"https:\/\/balkanstrategicpartners.com\/index.php\/wp-json\/wp\/v2\/media?parent=25"}],"curies":[{"name":"wp","href":"https:\/\/api.w.org\/{rel}","templated":true}]}}